{"id":36,"date":"2014-02-24T16:38:53","date_gmt":"2014-02-24T15:38:53","guid":{"rendered":"http:\/\/hegnablikk.no\/?page_id=36"},"modified":"2020-05-13T12:40:38","modified_gmt":"2020-05-13T10:40:38","slug":"kontakt-oss","status":"publish","type":"page","link":"https:\/\/hegnablikk.no\/?page_id=36","title":{"rendered":"Kontakt oss"},"content":{"rendered":"<p><span style=\"text-decoration: underline;\"><strong>Kontakt oss p\u00e5 Hegna Blikk AS\u00a0\u00a0\u00a0\u00a0\u00a0\u00a0\u00a0\u00a0\u00a0\u00a0\u00a0\u00a0\u00a0\u00a0\u00a0\u00a0\u00a0\u00a0\u00a0\u00a0\u00a0\u00a0\u00a0\u00a0\u00a0\u00a0\u00a0\u00a0\u00a0\u00a0\u00a0\u00a0\u00a0\u00a0\u00a0\u00a0\u00a0\u00a0\u00a0\u00a0\u00a0\u00a0\u00a0\u00a0\u00a0\u00a0\u00a0\u00a0\u00a0\u00a0\u00a0\u00a0\u00a0\u00a0\u00a0\u00a0\u00a0\u00a0\u00a0\u00a0\u00a0\u00a0\u00a0\u00a0\u00a0\u00a0\u00a0\u00a0\u00a0\u00a0\u00a0\u00a0\u00a0\u00a0\u00a0\u00a0\u00a0\u00a0\u00a0\u00a0\u00a0Tlf.: 35 97 31 17<\/strong><\/span><\/p>\n<table border=\"1\" cellspacing=\"0\" cellpadding=\"0\">\n<tbody>\n<tr>\n<td valign=\"top\" width=\"168\"><b>Kontaktperson<\/b><\/td>\n<td valign=\"top\" width=\"95\"><b>\u00a0Epost<\/b><\/td>\n<td valign=\"top\" width=\"94\"><b>Mobil<\/b><\/td>\n<\/tr>\n<tr>\n<td valign=\"top\" width=\"168\">Kent-Ove Hegna<\/td>\n<td valign=\"top\" width=\"95\">kent.ove@hegnablikk.no<strong>\u00a0<\/strong><\/td>\n<td valign=\"top\" width=\"94\">915 38 636<\/td>\n<\/tr>\n<tr>\n<td valign=\"top\" width=\"168\">Dan Vidar Hegna<\/td>\n<td valign=\"top\" width=\"95\">dan.vidar@hegnablikk.no<\/td>\n<td valign=\"top\" width=\"94\">916 13 757<\/td>\n<\/tr>\n<tr>\n<td valign=\"top\" width=\"168\">Tor \u00d8yvind Svendsen<\/td>\n<td valign=\"top\" width=\"95\"><\/td>\n<td valign=\"top\" width=\"94\">905 08 937<\/td>\n<\/tr>\n<tr>\n<td valign=\"top\" width=\"168\">Per \u00d8yvind Olsen<\/td>\n<td valign=\"top\" width=\"95\"><\/td>\n<td valign=\"top\" width=\"94\">905 74 661<\/td>\n<\/tr>\n<tr>\n<td valign=\"top\" width=\"168\">Hans Marius Kaasa<\/td>\n<td valign=\"top\" width=\"95\"><\/td>\n<td valign=\"top\" width=\"94\">971\u00a018 169<\/td>\n<\/tr>\n<tr>\n<td valign=\"top\" width=\"168\">Magnus Barland<\/td>\n<td valign=\"top\" width=\"95\"><\/td>\n<td valign=\"top\" width=\"94\">473 96 702<\/td>\n<\/tr>\n<tr>\n<td valign=\"top\" width=\"168\"><\/td>\n<td valign=\"top\" width=\"95\"><\/td>\n<td valign=\"top\" width=\"94\"><\/td>\n<\/tr>\n<\/tbody>\n<\/table>\n<p>Send gjerne en e-post til v\u00e5rt sentralbord s\u00e5 tar vi kontakt med deg s\u00e5 raskt vi kan.<br \/>\nDu kan ogs\u00e5 benytte deg av v\u00e5r kontaktinformasjon under.<\/p>\n<table style=\"width: 644px; height: 268px;\" border=\"1\" cellspacing=\"0\" cellpadding=\"0\">\n<tbody>\n<tr>\n<td valign=\"left\" width=\"307\">\u00a0[contact_form]<\/td>\n<td valign=\"left\" width=\"307\"><a href=\"https:\/\/hegnablikk.no\/wp-content\/uploads\/2014\/02\/kontakt-oss.gif\"><img loading=\"lazy\" decoding=\"async\" class=\" wp-image-243 alignright\" src=\"https:\/\/hegnablikk.no\/wp-content\/uploads\/2014\/02\/kontakt-oss-300x191.gif\" alt=\"kontakt-oss\" width=\"248\" height=\"158\" srcset=\"https:\/\/hegnablikk.no\/wp-content\/uploads\/2014\/02\/kontakt-oss-300x191.gif 300w, https:\/\/hegnablikk.no\/wp-content\/uploads\/2014\/02\/kontakt-oss-1024x652.gif 1024w\" sizes=\"auto, (max-width: 248px) 100vw, 248px\" \/><\/a><\/td>\n<\/tr>\n<\/tbody>\n<\/table>\n<p><strong>Generell informasjon:<br \/>\n<\/strong>Adresse:\u00a0Stokkevannveien 14, 3960 Stathelle | Tlf: 35 97 31 17 | Epost: <a href=\"mailto:kent.ove@hegnablikk.no\">kent.ove@hegnablikk.no<\/a><\/p>\n<p><b><\/b><\/p>\n","protected":false},"excerpt":{"rendered":"<p>Kontakt oss p\u00e5 Hegna Blikk AS\u00a0\u00a0\u00a0\u00a0\u00a0\u00a0\u00a0\u00a0\u00a0\u00a0\u00a0\u00a0\u00a0\u00a0\u00a0\u00a0\u00a0\u00a0\u00a0\u00a0\u00a0\u00a0\u00a0\u00a0\u00a0\u00a0\u00a0\u00a0\u00a0\u00a0\u00a0\u00a0\u00a0\u00a0\u00a0\u00a0\u00a0\u00a0\u00a0\u00a0\u00a0\u00a0\u00a0\u00a0\u00a0\u00a0\u00a0\u00a0\u00a0\u00a0\u00a0\u00a0\u00a0\u00a0\u00a0\u00a0\u00a0\u00a0\u00a0\u00a0\u00a0\u00a0\u00a0\u00a0\u00a0\u00a0\u00a0\u00a0\u00a0\u00a0\u00a0\u00a0\u00a0\u00a0\u00a0\u00a0\u00a0\u00a0\u00a0\u00a0\u00a0Tlf.: 35 97 31 17 Kontaktperson \u00a0Epost Mobil Kent-Ove Hegna kent.ove@hegnablikk.no\u00a0 915 38 636 Dan Vidar Hegna dan.vidar@hegnablikk.no 916 13 757 Tor \u00d8yvind Svendsen 905 08 937 Per \u00d8yvind Olsen 905 74 661 Hans Marius Kaasa 971\u00a018 169 Magnus Barland 473 96 702 Send gjerne en e-post til v\u00e5rt sentralbord [&hellip;]<\/p>\n","protected":false},"author":1,"featured_media":0,"parent":0,"menu_order":0,"comment_status":"open","ping_status":"closed","template":"","meta":{"footnotes":""},"class_list":["post-36","page","type-page","status-publish","hentry"],"_links":{"self":[{"href":"https:\/\/hegnablikk.no\/index.php?rest_route=\/wp\/v2\/pages\/36","targetHints":{"allow":["GET"]}}],"collection":[{"href":"https:\/\/hegnablikk.no\/index.php?rest_route=\/wp\/v2\/pages"}],"about":[{"href":"https:\/\/hegnablikk.no\/index.php?rest_route=\/wp\/v2\/types\/page"}],"author":[{"embeddable":true,"href":"https:\/\/hegnablikk.no\/index.php?rest_route=\/wp\/v2\/users\/1"}],"replies":[{"embeddable":true,"href":"https:\/\/hegnablikk.no\/index.php?rest_route=%2Fwp%2Fv2%2Fcomments&post=36"}],"version-history":[{"count":100,"href":"https:\/\/hegnablikk.no\/index.php?rest_route=\/wp\/v2\/pages\/36\/revisions"}],"predecessor-version":[{"id":346,"href":"https:\/\/hegnablikk.no\/index.php?rest_route=\/wp\/v2\/pages\/36\/revisions\/346"}],"wp:attachment":[{"href":"https:\/\/hegnablikk.no\/index.php?rest_route=%2Fwp%2Fv2%2Fmedia&parent=36"}],"curies":[{"name":"wp","href":"https:\/\/api.w.org\/{rel}","templated":true}]}}