{"id":20,"date":"2014-02-24T16:17:34","date_gmt":"2014-02-24T15:17:34","guid":{"rendered":"http:\/\/hegnablikk.no\/?page_id=20"},"modified":"2014-04-02T10:13:06","modified_gmt":"2014-04-02T08:13:06","slug":"produkter","status":"publish","type":"page","link":"https:\/\/hegnablikk.no\/?page_id=20","title":{"rendered":"Produkter"},"content":{"rendered":"<ul>\n<li>Salg av alle typer beslag<\/li>\n<li>Boligventilasjon og ventilasjonsmontasje<\/li>\n<li>Sentralst\u00f8vsuger<\/li>\n<li>Fasadetekking<\/li>\n<li>B\u00e5ndtekking<\/li>\n<li>Sn\u00f8fangere og stigetrinn<\/li>\n<li>Takrenner salg og montasje<\/li>\n<li>Piper og takhatter<\/li>\n<\/ul>\n<p>Er du i tvil om hva du skal velge av produkter, farge og takbelegg?<\/p>\n<p>Ring oss for en uforpliktet prat.<\/p>\n","protected":false},"excerpt":{"rendered":"<p>Salg av alle typer beslag Boligventilasjon og ventilasjonsmontasje Sentralst\u00f8vsuger Fasadetekking B\u00e5ndtekking Sn\u00f8fangere og stigetrinn Takrenner salg og montasje Piper og takhatter Er du i tvil om hva du skal velge av produkter, farge og takbelegg? Ring oss for en uforpliktet prat.<\/p>\n","protected":false},"author":1,"featured_media":0,"parent":0,"menu_order":0,"comment_status":"open","ping_status":"closed","template":"","meta":{"footnotes":""},"class_list":["post-20","page","type-page","status-publish","hentry"],"_links":{"self":[{"href":"https:\/\/hegnablikk.no\/index.php?rest_route=\/wp\/v2\/pages\/20","targetHints":{"allow":["GET"]}}],"collection":[{"href":"https:\/\/hegnablikk.no\/index.php?rest_route=\/wp\/v2\/pages"}],"about":[{"href":"https:\/\/hegnablikk.no\/index.php?rest_route=\/wp\/v2\/types\/page"}],"author":[{"embeddable":true,"href":"https:\/\/hegnablikk.no\/index.php?rest_route=\/wp\/v2\/users\/1"}],"replies":[{"embeddable":true,"href":"https:\/\/hegnablikk.no\/index.php?rest_route=%2Fwp%2Fv2%2Fcomments&post=20"}],"version-history":[{"count":4,"href":"https:\/\/hegnablikk.no\/index.php?rest_route=\/wp\/v2\/pages\/20\/revisions"}],"predecessor-version":[{"id":300,"href":"https:\/\/hegnablikk.no\/index.php?rest_route=\/wp\/v2\/pages\/20\/revisions\/300"}],"wp:attachment":[{"href":"https:\/\/hegnablikk.no\/index.php?rest_route=%2Fwp%2Fv2%2Fmedia&parent=20"}],"curies":[{"name":"wp","href":"https:\/\/api.w.org\/{rel}","templated":true}]}}