{"id":2,"date":"2014-02-24T12:05:53","date_gmt":"2014-02-24T11:05:53","guid":{"rendered":"http:\/\/hegnablikk.no\/?page_id=2"},"modified":"2016-03-07T08:28:37","modified_gmt":"2016-03-07T07:28:37","slug":"hjem","status":"publish","type":"page","link":"https:\/\/hegnablikk.no\/","title":{"rendered":"Vi hos Hegna Blikk \u00f8nsker deg velkommen!"},"content":{"rendered":"<p style=\"text-align: left;\">Hegna Blikk AS er en tradisjonell Blikkenslagerbedrift med 40 \u00e5rs erfaring fra Bamble og omegn.<br \/>\nVi utf\u00f8rer det meste innen blikkenslagerfaget og ventilasjon. Vi har allsidig erfaring fra enebolig, hytter i skj\u00e6rg\u00e5rden og industri.<\/p>\n<p style=\"text-align: left;\">V\u00e5re kunder er privatpersoner, offentlige myndigheter samt lokale entrepren\u00f8rer.<\/p>\n<p style=\"text-align: left;\">Vi har 6 flinke ansatte med lang erfaring og god kompetanse i faget. Vi p\u00e5 Hegna Blikk legger vekt p\u00e5 god kvalitet og s\u00f8rger for at arbeidet blir utf\u00f8rt fagmessig. Forn\u00f8yde kunder danner grunnlaget for v\u00e5r virksomhet og god service er m\u00e5let.<\/p>\n<p style=\"text-align: left;\">Vi holder til i moderne lokaler p\u00e5 Rugtvedt i Bamble.<\/p>\n<p style=\"text-align: left;\">Vi har sentral godkjenning og er Godkjent for Ansvarsrett.<\/p>\n<p style=\"text-align: left;\"><img loading=\"lazy\" decoding=\"async\" class=\" wp-image-132\" style=\"width: 117px; height: 33px;\" alt=\"Print\" src=\"https:\/\/hegnablikk.no\/wp-content\/uploads\/2014\/02\/logomini.jpg\" width=\"150\" height=\"42\" \/><\/p>\n<p style=\"text-align: left;\"><img decoding=\"async\" class=\"alignnone  wp-image-47\" style=\"border: 1px solid black;\" alt=\"forside\" src=\"https:\/\/hegnablikk.no\/wp-content\/uploads\/2016\/03\/forside2.jpg\" width=\"581\" \/><\/p>\n","protected":false},"excerpt":{"rendered":"<p>Hegna Blikk AS er en tradisjonell Blikkenslagerbedrift med 40 \u00e5rs erfaring fra Bamble og omegn. Vi utf\u00f8rer det meste innen blikkenslagerfaget og ventilasjon. Vi har allsidig erfaring fra enebolig, hytter i skj\u00e6rg\u00e5rden og industri. V\u00e5re kunder er privatpersoner, offentlige myndigheter samt lokale entrepren\u00f8rer. Vi har 6 flinke ansatte med lang erfaring og god kompetanse i [&hellip;]<\/p>\n","protected":false},"author":1,"featured_media":0,"parent":0,"menu_order":0,"comment_status":"open","ping_status":"closed","template":"","meta":{"footnotes":""},"class_list":["post-2","page","type-page","status-publish","hentry"],"_links":{"self":[{"href":"https:\/\/hegnablikk.no\/index.php?rest_route=\/wp\/v2\/pages\/2","targetHints":{"allow":["GET"]}}],"collection":[{"href":"https:\/\/hegnablikk.no\/index.php?rest_route=\/wp\/v2\/pages"}],"about":[{"href":"https:\/\/hegnablikk.no\/index.php?rest_route=\/wp\/v2\/types\/page"}],"author":[{"embeddable":true,"href":"https:\/\/hegnablikk.no\/index.php?rest_route=\/wp\/v2\/users\/1"}],"replies":[{"embeddable":true,"href":"https:\/\/hegnablikk.no\/index.php?rest_route=%2Fwp%2Fv2%2Fcomments&post=2"}],"version-history":[{"count":36,"href":"https:\/\/hegnablikk.no\/index.php?rest_route=\/wp\/v2\/pages\/2\/revisions"}],"predecessor-version":[{"id":319,"href":"https:\/\/hegnablikk.no\/index.php?rest_route=\/wp\/v2\/pages\/2\/revisions\/319"}],"wp:attachment":[{"href":"https:\/\/hegnablikk.no\/index.php?rest_route=%2Fwp%2Fv2%2Fmedia&parent=2"}],"curies":[{"name":"wp","href":"https:\/\/api.w.org\/{rel}","templated":true}]}}